{"id":361,"date":"2019-10-30T19:37:49","date_gmt":"2019-10-30T19:37:49","guid":{"rendered":"http:\/\/demo.athemes.com\/sydney-redesign\/?page_id=361"},"modified":"2021-03-13T10:10:33","modified_gmt":"2021-03-13T08:10:33","slug":"despre-noi","status":"publish","type":"page","link":"https:\/\/forecsss.com\/index.php\/despre-noi\/","title":{"rendered":"Despre noi"},"content":{"rendered":"\t\t<div data-elementor-type=\"wp-page\" data-elementor-id=\"361\" class=\"elementor elementor-361\">\n\t\t\t\t\t\t<section class=\"elementor-section elementor-top-section elementor-element elementor-element-eb820f3 elementor-section-boxed elementor-section-height-default elementor-section-height-default\" data-id=\"eb820f3\" data-element_type=\"section\" data-settings=\"{&quot;background_background&quot;:&quot;classic&quot;}\">\n\t\t\t\t\t\t<div class=\"elementor-container elementor-column-gap-default\">\n\t\t\t\t\t<div class=\"elementor-column elementor-col-100 elementor-top-column elementor-element elementor-element-5c60c1e\" data-id=\"5c60c1e\" data-element_type=\"column\">\n\t\t\t<div class=\"elementor-widget-wrap elementor-element-populated\">\n\t\t\t\t\t\t<div class=\"elementor-element elementor-element-647fbf0 elementor-widget elementor-widget-spacer\" data-id=\"647fbf0\" data-element_type=\"widget\" data-widget_type=\"spacer.default\">\n\t\t\t\t<div class=\"elementor-widget-container\">\n\t\t\t\t\t\t\t<div class=\"elementor-spacer\">\n\t\t\t<div class=\"elementor-spacer-inner\"><\/div>\n\t\t<\/div>\n\t\t\t\t\t\t<\/div>\n\t\t\t\t<\/div>\n\t\t\t\t\t<\/div>\n\t\t<\/div>\n\t\t\t\t\t<\/div>\n\t\t<\/section>\n\t\t\t\t<section class=\"elementor-section elementor-top-section elementor-element elementor-element-2b13e8b elementor-section-boxed elementor-section-height-default elementor-section-height-default\" data-id=\"2b13e8b\" data-element_type=\"section\" data-settings=\"{&quot;background_background&quot;:&quot;gradient&quot;}\">\n\t\t\t\t\t\t<div class=\"elementor-container elementor-column-gap-default\">\n\t\t\t\t\t<div class=\"elementor-column elementor-col-100 elementor-top-column elementor-element elementor-element-7b525b5\" data-id=\"7b525b5\" data-element_type=\"column\">\n\t\t\t<div class=\"elementor-widget-wrap elementor-element-populated\">\n\t\t\t\t\t\t<div class=\"elementor-element elementor-element-9825f99 elementor-widget elementor-widget-spacer\" data-id=\"9825f99\" data-element_type=\"widget\" data-widget_type=\"spacer.default\">\n\t\t\t\t<div class=\"elementor-widget-container\">\n\t\t\t\t\t\t\t<div class=\"elementor-spacer\">\n\t\t\t<div class=\"elementor-spacer-inner\"><\/div>\n\t\t<\/div>\n\t\t\t\t\t\t<\/div>\n\t\t\t\t<\/div>\n\t\t\t\t\t<\/div>\n\t\t<\/div>\n\t\t\t\t\t<\/div>\n\t\t<\/section>\n\t\t\t\t<section class=\"elementor-section elementor-top-section elementor-element elementor-element-2b5a194 elementor-section-boxed elementor-section-height-default elementor-section-height-default\" data-id=\"2b5a194\" data-element_type=\"section\" data-settings=\"{&quot;background_background&quot;:&quot;classic&quot;}\">\n\t\t\t\t\t\t<div class=\"elementor-container elementor-column-gap-default\">\n\t\t\t\t\t<div class=\"elementor-column elementor-col-100 elementor-top-column elementor-element elementor-element-1bf3203\" data-id=\"1bf3203\" data-element_type=\"column\">\n\t\t\t<div class=\"elementor-widget-wrap elementor-element-populated\">\n\t\t\t\t\t\t<div class=\"elementor-element elementor-element-7bfb229 elementor-widget elementor-widget-heading\" data-id=\"7bfb229\" data-element_type=\"widget\" data-widget_type=\"heading.default\">\n\t\t\t\t<div class=\"elementor-widget-container\">\n\t\t\t\t\t<h2 class=\"elementor-heading-title elementor-size-default\">DESPRE FORECSSS\u200b<\/h2>\t\t\t\t<\/div>\n\t\t\t\t<\/div>\n\t\t\t\t\t<\/div>\n\t\t<\/div>\n\t\t\t\t\t<\/div>\n\t\t<\/section>\n\t\t\t\t<section class=\"elementor-section elementor-top-section elementor-element elementor-element-8cf21ca elementor-section-boxed elementor-section-height-default elementor-section-height-default\" data-id=\"8cf21ca\" data-element_type=\"section\" data-settings=\"{&quot;background_background&quot;:&quot;gradient&quot;}\">\n\t\t\t\t\t\t<div class=\"elementor-container elementor-column-gap-default\">\n\t\t\t\t\t<div class=\"elementor-column elementor-col-100 elementor-top-column elementor-element elementor-element-9648f23\" data-id=\"9648f23\" data-element_type=\"column\">\n\t\t\t<div class=\"elementor-widget-wrap elementor-element-populated\">\n\t\t\t\t\t\t<div class=\"elementor-element elementor-element-e82d35e elementor-widget elementor-widget-spacer\" data-id=\"e82d35e\" data-element_type=\"widget\" data-widget_type=\"spacer.default\">\n\t\t\t\t<div class=\"elementor-widget-container\">\n\t\t\t\t\t\t\t<div class=\"elementor-spacer\">\n\t\t\t<div class=\"elementor-spacer-inner\"><\/div>\n\t\t<\/div>\n\t\t\t\t\t\t<\/div>\n\t\t\t\t<\/div>\n\t\t\t\t\t<\/div>\n\t\t<\/div>\n\t\t\t\t\t<\/div>\n\t\t<\/section>\n\t\t\t\t<section class=\"elementor-section elementor-top-section elementor-element elementor-element-0f99120 elementor-section-boxed elementor-section-height-default elementor-section-height-default\" data-id=\"0f99120\" data-element_type=\"section\" data-settings=\"{&quot;background_background&quot;:&quot;gradient&quot;}\">\n\t\t\t\t\t\t<div class=\"elementor-container elementor-column-gap-default\">\n\t\t\t\t\t<div class=\"elementor-column elementor-col-50 elementor-top-column elementor-element elementor-element-06bbd70\" data-id=\"06bbd70\" data-element_type=\"column\">\n\t\t\t<div class=\"elementor-widget-wrap elementor-element-populated\">\n\t\t\t\t\t\t<div class=\"elementor-element elementor-element-5daeea9 elementor-widget elementor-widget-image\" data-id=\"5daeea9\" data-element_type=\"widget\" data-widget_type=\"image.default\">\n\t\t\t\t<div class=\"elementor-widget-container\">\n\t\t\t\t\t\t\t\t\t\t\t\t\t\t\t<img fetchpriority=\"high\" decoding=\"async\" width=\"1024\" height=\"707\" src=\"https:\/\/forecsss.com\/wp-content\/uploads\/2021\/02\/Forex-1024x707.jpg\" class=\"attachment-large size-large wp-image-625\" alt=\"\" srcset=\"https:\/\/forecsss.com\/wp-content\/uploads\/2021\/02\/Forex-1024x707.jpg 1024w, https:\/\/forecsss.com\/wp-content\/uploads\/2021\/02\/Forex-600x415.jpg 600w, https:\/\/forecsss.com\/wp-content\/uploads\/2021\/02\/Forex-300x207.jpg 300w, https:\/\/forecsss.com\/wp-content\/uploads\/2021\/02\/Forex-768x531.jpg 768w, https:\/\/forecsss.com\/wp-content\/uploads\/2021\/02\/Forex-830x573.jpg 830w, https:\/\/forecsss.com\/wp-content\/uploads\/2021\/02\/Forex-230x159.jpg 230w, https:\/\/forecsss.com\/wp-content\/uploads\/2021\/02\/Forex-350x242.jpg 350w, https:\/\/forecsss.com\/wp-content\/uploads\/2021\/02\/Forex-480x332.jpg 480w, https:\/\/forecsss.com\/wp-content\/uploads\/2021\/02\/Forex.jpg 1100w\" sizes=\"(max-width: 1024px) 100vw, 1024px\" \/>\t\t\t\t\t\t\t\t\t\t\t\t\t\t\t<\/div>\n\t\t\t\t<\/div>\n\t\t\t\t\t<\/div>\n\t\t<\/div>\n\t\t\t\t<div class=\"elementor-column elementor-col-50 elementor-top-column elementor-element elementor-element-c1d5be2\" data-id=\"c1d5be2\" data-element_type=\"column\">\n\t\t\t<div class=\"elementor-widget-wrap elementor-element-populated\">\n\t\t\t\t\t\t<div class=\"elementor-element elementor-element-4c2311a elementor-widget elementor-widget-heading\" data-id=\"4c2311a\" data-element_type=\"widget\" data-widget_type=\"heading.default\">\n\t\t\t\t<div class=\"elementor-widget-container\">\n\t\t\t\t\t<h2 class=\"elementor-heading-title elementor-size-default\">Despre noi !\u200b<\/h2>\t\t\t\t<\/div>\n\t\t\t\t<\/div>\n\t\t\t\t<div class=\"elementor-element elementor-element-e3886be elementor-widget elementor-widget-text-editor\" data-id=\"e3886be\" data-element_type=\"widget\" data-widget_type=\"text-editor.default\">\n\t\t\t\t<div class=\"elementor-widget-container\">\n\t\t\t\t\t\t\t\t\t<p>Am creat acest curs cu scopul de a \u00eemp\u0103rt\u0103\u0219i cu voi anii de experien\u021b\u0103 dob\u00e2ndi\u021bi. Drumul de la 0 la un trader full time nu a fost u\u0219or deloc. \u00cen\u021beleg\u00e2nd importanta unui mentor \u0219i ajutorul care acesta \u00eel aduce \u00een cariera unui trader la \u00eenceput de drum, am pus cap la cap toate cunsotintele \u0219i experien\u021ba \u00een acest program pentru a putea fi folosit de fiecare persoana. Site-ul este unul educa\u021bional, nu oferim semnale de tranzac\u021bionare. Cel mai important este ca fiecare dintre voi sa poate analiza singur graficele \u0219i sa poat\u0103 sa ia singur deciziile. Noi vrem sa ne asiguram de faptul ca punem la dispozi\u021bie tot timpul \u0219i toate materialele necesare.<\/p>\t\t\t\t\t\t\t\t<\/div>\n\t\t\t\t<\/div>\n\t\t\t\t\t<\/div>\n\t\t<\/div>\n\t\t\t\t\t<\/div>\n\t\t<\/section>\n\t\t\t\t<section class=\"elementor-section elementor-top-section elementor-element elementor-element-89fb5d3 elementor-section-boxed elementor-section-height-default elementor-section-height-default\" data-id=\"89fb5d3\" data-element_type=\"section\" data-settings=\"{&quot;background_background&quot;:&quot;gradient&quot;}\">\n\t\t\t\t\t\t<div class=\"elementor-container elementor-column-gap-default\">\n\t\t\t\t\t<div class=\"elementor-column elementor-col-100 elementor-top-column elementor-element elementor-element-a598a1b\" data-id=\"a598a1b\" data-element_type=\"column\">\n\t\t\t<div class=\"elementor-widget-wrap elementor-element-populated\">\n\t\t\t\t\t\t<div class=\"elementor-element elementor-element-60397b7 elementor-widget elementor-widget-heading\" data-id=\"60397b7\" data-element_type=\"widget\" data-widget_type=\"heading.default\">\n\t\t\t\t<div class=\"elementor-widget-container\">\n\t\t\t\t\t<h4 class=\"elementor-heading-title elementor-size-default\">Ce ne diferenteaza ?\n<\/h4>\t\t\t\t<\/div>\n\t\t\t\t<\/div>\n\t\t\t\t<div class=\"elementor-element elementor-element-7835e6a elementor-widget elementor-widget-text-editor\" data-id=\"7835e6a\" data-element_type=\"widget\" data-widget_type=\"text-editor.default\">\n\t\t\t\t<div class=\"elementor-widget-container\">\n\t\t\t\t\t\t\t\t\t<p>Programele noastre sunt concepute \u00een a\u0219a fel \u00eenc\u00e2t fiecare persoana sa ajung\u0103 un trader profitabil pe termen lung. Indiferent de cuno\u0219tin\u021bele actuale \u0219i de varsta, oricine poate sa reu\u0219easc\u0103 \u00een acest domeniu. Totul depinde de tine !<\/p>\t\t\t\t\t\t\t\t<\/div>\n\t\t\t\t<\/div>\n\t\t\t\t<div class=\"elementor-element elementor-element-b951134 elementor-widget elementor-widget-text-editor\" data-id=\"b951134\" data-element_type=\"widget\" data-widget_type=\"text-editor.default\">\n\t\t\t\t<div class=\"elementor-widget-container\">\n\t\t\t\t\t\t\t\t\t<p><span style=\"color: #000000;\"><a style=\"color: #000000;\" href=\"https:\/\/forecsss.com\/\">\u00cempreun\u0103<\/a><\/span> putem face ca visele tale sa devin\u0103 <span style=\"color: #000000;\"><a style=\"color: #000000;\" href=\"https:\/\/www.facebook.com\/forecsss_-104691991672803\">realitate<\/a> <\/span>!<\/p>\t\t\t\t\t\t\t\t<\/div>\n\t\t\t\t<\/div>\n\t\t\t\t\t<\/div>\n\t\t<\/div>\n\t\t\t\t\t<\/div>\n\t\t<\/section>\n\t\t\t\t<\/div>\n\t\t","protected":false},"excerpt":{"rendered":"<p>DESPRE FORECSSS\u200b Despre noi !\u200b Am creat acest curs cu [&hellip;]<\/p>\n","protected":false},"author":1,"featured_media":0,"parent":0,"menu_order":0,"comment_status":"closed","ping_status":"closed","template":"page-templates\/page_front-page.php","meta":{"footnotes":""},"class_list":["post-361","page","type-page","status-publish","hentry"],"yoast_head":"<!-- This site is optimized with the Yoast SEO plugin v26.6 - https:\/\/yoast.com\/wordpress\/plugins\/seo\/ -->\n<title>Despre noi - FORECSSS<\/title>\n<meta name=\"robots\" content=\"index, follow, max-snippet:-1, max-image-preview:large, max-video-preview:-1\" \/>\n<link rel=\"canonical\" href=\"https:\/\/forecsss.com\/index.php\/despre-noi\/\" \/>\n<meta property=\"og:locale\" content=\"ro_RO\" \/>\n<meta property=\"og:type\" content=\"article\" \/>\n<meta property=\"og:title\" content=\"Despre noi - FORECSSS\" \/>\n<meta property=\"og:description\" content=\"DESPRE FORECSSS\u200b Despre noi !\u200b Am creat acest curs cu [&hellip;]\" \/>\n<meta property=\"og:url\" content=\"https:\/\/forecsss.com\/index.php\/despre-noi\/\" \/>\n<meta property=\"og:site_name\" content=\"FORECSSS\" \/>\n<meta property=\"article:modified_time\" content=\"2021-03-13T08:10:33+00:00\" \/>\n<meta property=\"og:image\" content=\"https:\/\/forecsss.com\/wp-content\/uploads\/2021\/02\/Forex-1024x707.jpg\" \/>\n<meta name=\"twitter:card\" content=\"summary_large_image\" \/>\n<meta name=\"twitter:label1\" content=\"Timp estimat pentru citire\" \/>\n\t<meta name=\"twitter:data1\" content=\"1 minut\" \/>\n<script type=\"application\/ld+json\" class=\"yoast-schema-graph\">{\"@context\":\"https:\/\/schema.org\",\"@graph\":[{\"@type\":\"WebPage\",\"@id\":\"https:\/\/forecsss.com\/index.php\/despre-noi\/\",\"url\":\"https:\/\/forecsss.com\/index.php\/despre-noi\/\",\"name\":\"Despre noi - FORECSSS\",\"isPartOf\":{\"@id\":\"https:\/\/forecsss.com\/#website\"},\"primaryImageOfPage\":{\"@id\":\"https:\/\/forecsss.com\/index.php\/despre-noi\/#primaryimage\"},\"image\":{\"@id\":\"https:\/\/forecsss.com\/index.php\/despre-noi\/#primaryimage\"},\"thumbnailUrl\":\"https:\/\/forecsss.com\/wp-content\/uploads\/2021\/02\/Forex-1024x707.jpg\",\"datePublished\":\"2019-10-30T19:37:49+00:00\",\"dateModified\":\"2021-03-13T08:10:33+00:00\",\"breadcrumb\":{\"@id\":\"https:\/\/forecsss.com\/index.php\/despre-noi\/#breadcrumb\"},\"inLanguage\":\"ro-RO\",\"potentialAction\":[{\"@type\":\"ReadAction\",\"target\":[\"https:\/\/forecsss.com\/index.php\/despre-noi\/\"]}]},{\"@type\":\"ImageObject\",\"inLanguage\":\"ro-RO\",\"@id\":\"https:\/\/forecsss.com\/index.php\/despre-noi\/#primaryimage\",\"url\":\"https:\/\/forecsss.com\/wp-content\/uploads\/2021\/02\/Forex.jpg\",\"contentUrl\":\"https:\/\/forecsss.com\/wp-content\/uploads\/2021\/02\/Forex.jpg\",\"width\":1100,\"height\":760},{\"@type\":\"BreadcrumbList\",\"@id\":\"https:\/\/forecsss.com\/index.php\/despre-noi\/#breadcrumb\",\"itemListElement\":[{\"@type\":\"ListItem\",\"position\":1,\"name\":\"Prima pagin\u0103\",\"item\":\"https:\/\/forecsss.com\/\"},{\"@type\":\"ListItem\",\"position\":2,\"name\":\"Despre noi\"}]},{\"@type\":\"WebSite\",\"@id\":\"https:\/\/forecsss.com\/#website\",\"url\":\"https:\/\/forecsss.com\/\",\"name\":\"FORECSSS\",\"description\":\"\",\"potentialAction\":[{\"@type\":\"SearchAction\",\"target\":{\"@type\":\"EntryPoint\",\"urlTemplate\":\"https:\/\/forecsss.com\/?s={search_term_string}\"},\"query-input\":{\"@type\":\"PropertyValueSpecification\",\"valueRequired\":true,\"valueName\":\"search_term_string\"}}],\"inLanguage\":\"ro-RO\"}]}<\/script>\n<!-- \/ Yoast SEO plugin. -->","yoast_head_json":{"title":"Despre noi - FORECSSS","robots":{"index":"index","follow":"follow","max-snippet":"max-snippet:-1","max-image-preview":"max-image-preview:large","max-video-preview":"max-video-preview:-1"},"canonical":"https:\/\/forecsss.com\/index.php\/despre-noi\/","og_locale":"ro_RO","og_type":"article","og_title":"Despre noi - FORECSSS","og_description":"DESPRE FORECSSS\u200b Despre noi !\u200b Am creat acest curs cu [&hellip;]","og_url":"https:\/\/forecsss.com\/index.php\/despre-noi\/","og_site_name":"FORECSSS","article_modified_time":"2021-03-13T08:10:33+00:00","og_image":[{"url":"https:\/\/forecsss.com\/wp-content\/uploads\/2021\/02\/Forex-1024x707.jpg","type":"","width":"","height":""}],"twitter_card":"summary_large_image","twitter_misc":{"Timp estimat pentru citire":"1 minut"},"schema":{"@context":"https:\/\/schema.org","@graph":[{"@type":"WebPage","@id":"https:\/\/forecsss.com\/index.php\/despre-noi\/","url":"https:\/\/forecsss.com\/index.php\/despre-noi\/","name":"Despre noi - FORECSSS","isPartOf":{"@id":"https:\/\/forecsss.com\/#website"},"primaryImageOfPage":{"@id":"https:\/\/forecsss.com\/index.php\/despre-noi\/#primaryimage"},"image":{"@id":"https:\/\/forecsss.com\/index.php\/despre-noi\/#primaryimage"},"thumbnailUrl":"https:\/\/forecsss.com\/wp-content\/uploads\/2021\/02\/Forex-1024x707.jpg","datePublished":"2019-10-30T19:37:49+00:00","dateModified":"2021-03-13T08:10:33+00:00","breadcrumb":{"@id":"https:\/\/forecsss.com\/index.php\/despre-noi\/#breadcrumb"},"inLanguage":"ro-RO","potentialAction":[{"@type":"ReadAction","target":["https:\/\/forecsss.com\/index.php\/despre-noi\/"]}]},{"@type":"ImageObject","inLanguage":"ro-RO","@id":"https:\/\/forecsss.com\/index.php\/despre-noi\/#primaryimage","url":"https:\/\/forecsss.com\/wp-content\/uploads\/2021\/02\/Forex.jpg","contentUrl":"https:\/\/forecsss.com\/wp-content\/uploads\/2021\/02\/Forex.jpg","width":1100,"height":760},{"@type":"BreadcrumbList","@id":"https:\/\/forecsss.com\/index.php\/despre-noi\/#breadcrumb","itemListElement":[{"@type":"ListItem","position":1,"name":"Prima pagin\u0103","item":"https:\/\/forecsss.com\/"},{"@type":"ListItem","position":2,"name":"Despre noi"}]},{"@type":"WebSite","@id":"https:\/\/forecsss.com\/#website","url":"https:\/\/forecsss.com\/","name":"FORECSSS","description":"","potentialAction":[{"@type":"SearchAction","target":{"@type":"EntryPoint","urlTemplate":"https:\/\/forecsss.com\/?s={search_term_string}"},"query-input":{"@type":"PropertyValueSpecification","valueRequired":true,"valueName":"search_term_string"}}],"inLanguage":"ro-RO"}]}},"_links":{"self":[{"href":"https:\/\/forecsss.com\/index.php\/wp-json\/wp\/v2\/pages\/361","targetHints":{"allow":["GET"]}}],"collection":[{"href":"https:\/\/forecsss.com\/index.php\/wp-json\/wp\/v2\/pages"}],"about":[{"href":"https:\/\/forecsss.com\/index.php\/wp-json\/wp\/v2\/types\/page"}],"author":[{"embeddable":true,"href":"https:\/\/forecsss.com\/index.php\/wp-json\/wp\/v2\/users\/1"}],"replies":[{"embeddable":true,"href":"https:\/\/forecsss.com\/index.php\/wp-json\/wp\/v2\/comments?post=361"}],"version-history":[{"count":0,"href":"https:\/\/forecsss.com\/index.php\/wp-json\/wp\/v2\/pages\/361\/revisions"}],"wp:attachment":[{"href":"https:\/\/forecsss.com\/index.php\/wp-json\/wp\/v2\/media?parent=361"}],"curies":[{"name":"wp","href":"https:\/\/api.w.org\/{rel}","templated":true}]}}