{"id":1135,"date":"2021-03-02T17:03:07","date_gmt":"2021-03-02T17:03:07","guid":{"rendered":"http:\/\/forecsss.com\/?page_id=1135"},"modified":"2021-03-10T08:50:41","modified_gmt":"2021-03-10T08:50:41","slug":"termeni-si-conditii","status":"publish","type":"page","link":"https:\/\/forecsss.com\/index.php\/termeni-si-conditii\/","title":{"rendered":"Termeni \u015fi condi\u0163ii"},"content":{"rendered":"<p><\/p>\n\n\n<\/p>\n<p>Termeni \u015fi condi\u0163ii<\/p>\n<p>\n\n\n<p><\/p>\n\n\n<\/p>\n<h5 class=\"wp-block-heading\">Drepturi de autor?<\/h5>\n<p>\n\n\n<p><\/p>\n\n\n<\/p>\n<p>Con\u021binutul acestui site este protejat prin drepturi de autor \u00a9FORECSSS.\u00a0Toate lucr\u0103rile \u0219i materialele originale create de FORECSSS sunt protejate prin drepturi de autor. \u0218i nu sunt permise s\u0103 fie copiate sau difuzate f\u0103r\u0103 permisiunea proprietarului.\u00a0Drepturile de autor se extind asupra oric\u0103ror materiale, videoclipuri, post\u0103ri pe forum, imagini, documente, e-mailuri sau comentarii. Care intr\u0103 sub inciden\u021ba Legii dreptului de autor din Marea Britanie (1988) care acoper\u0103 drepturile de autor, desenele \u0219i brevetele.(&#8230;)<\/p>\n<p>\n\n\n<p><\/p>\n\n\n<\/p>\n<p>Con\u021binutul acestui site este protejat prin drepturi de autor \u00a9<a href=\"https:\/\/www.instagram.com\/forecsss_\/\">FORECSSS<\/a>.\u00a0Toate lucr\u0103rile \u0219i materialele originale create de <a href=\"http:\/\/forecsss.com\/\">FORECSSS <\/a>sunt protejate prin drepturi de autor . \u0218i nu sunt permise s\u0103 fie copiate sau difuzate f\u0103r\u0103 permisiunea proprietarului.\u00a0Drepturile de autor se extind asupra oric\u0103ror materiale, videoclipuri, post\u0103ri pe forum, imagini, documente, e-mailuri sau comentarii care intr\u0103 sub inciden\u021ba Legii dreptului de autor din Marea Britanie (1988) care acoper\u0103 drepturile de autor, desenele \u0219i brevetele.(&#8230;)<\/p>\n<p>\n\n\n<p><\/p>\n\n\n<\/p>\n<p>Dac\u0103 ac\u021biona\u021bi cu \u00eenc\u0103lcarea acestor termeni. Sunte\u021bi vinova\u021bi de \u00eenc\u0103lcarea legii drepturilor de autor \u0219i ve\u021bi fi r\u0103spunz\u0103tor legal \u00een fa\u021ba unei instan\u021be de judecat\u0103.\u00a0Nu copia\u021bi, distribui\u021bi, edita\u021bi, modifica\u021bi, fura\u021bi sau vinde\u021bi lucr\u0103rile originale \u0219i drepturile de autor create sau furnizate de FORECSSS.<\/p>\n<p>\n\n\n<p><\/p>\n\n\n<\/p>\n<p>Con\u021binutul documentelor noastre, al videoclipurilor, al serverului comunitar \u0219i al revistelor comerciale sunt toate lucr\u0103ri originale \u0219i vor r\u0103m\u00e2ne proprietatea FORECSSS.(&#8230;)<\/p>\n<p>\n\n\n<p><\/p>\n\n\n<\/p>\n<p>FORECSSS are dreptul s\u0103 schimbe termenii \u0219i condi\u021biile reale din c\u00e2nd \u00een c\u00e2nd f\u0103r\u0103 o notificare prealabil\u0103, v\u0103 rug\u0103m s\u0103 \u021bine\u021bi cont de acest lucru \u0219i s\u0103 citi\u021bi termenii \u0219i condi\u021biile ocazional!(&#8230;)<\/p>\n<p>\n\n\n<p><\/p>\n\n\n<\/p>\n<h5 class=\"wp-block-heading\">ABONAMENT(&#8230;)<\/h5>\n<p>\n\n\n<p><\/p>\n\n\n<\/p>\n<p>FORECSSS vinde abonamente.\u00a0Abonamentele variaz\u0103 de la lunar la anual p\u00e2n\u0103 la via\u021b\u0103, pentru termenii de anulare, consulta\u021bi mai jos.<\/p>\n<p>\n\n\n<p><\/p>\n\n\n<\/p>\n<p>Orice achizi\u021bie nu poate fi anulat\u0103!<\/p>\n<p>\n\n\n<p><\/p>\n\n\n<\/p>\n<h5 class=\"wp-block-heading\">SFAT GENERAL(&#8230;)<\/h5>\n<p>\n\n\n<p><\/p>\n\n\n<\/p>\n<p>Orice sfat sau informa\u021bie de pe acest site web este doar un sfat general \u0219i nu \u021bine cont de circumstan\u021bele dvs. personale.\u00a0Nu trebuie s\u0103 tranzac\u021biona\u021bi sau s\u0103 investi\u021bi numai pe baza acestor informa\u021bii.<\/p>\n<p>\n\n\n<p><\/p>\n\n\n<\/p>\n<p>Vizualiz\u00e2nd orice material sau folosind informa\u021biile din serverul comunit\u0103\u021bii noastre, sunte\u021bi de acord c\u0103 acesta este material de educa\u021bie general\u0103 \u0219i nu ve\u021bi r\u0103spunde niciunei persoane sau entit\u0103\u021bi pentru pierderi sau daune rezultate din con\u021binutul sau sfaturile generale furnizate de FORECSSS.(&#8230;)<\/p>\n<p>\n\n\n<p><\/p>\n\n\n<\/p>\n<p>Participarea la tranzac\u021bionare \u0219i investi\u021bii implic\u0103 riscuri.\u00a0Trebuie s\u0103 fi\u021bi con\u0219tien\u021bi de riscuri \u0219i s\u0103 fi\u021bi dispus s\u0103 accepta\u021bi aceste riscuri pentru a investi bani.\u00a0Nu sunt furnizate de sau \u00een numele FORECSSS garan\u021bii c\u0103 orice cont va ob\u021bine sau este posibil s\u0103 ob\u021bin\u0103 profituri sau pierderi similare celor discutate \u00een orice material al comunit\u0103\u021bii noastre.(&#8230;)<\/p>\n<p>\n\n\n<p><\/p>\n\n\n<\/p>\n<h5 class=\"wp-block-heading\">AVERTISMENT DE RISC(&#8230;)<\/h5>\n<p>\n\n\n<p><\/p>\n\n\n<\/p>\n<p>\n\n\n<p><\/p>\n\n\n<\/p>\n<p>Tranzac\u021bionarea are recompense poten\u021biale mari, dar \u0219i riscuri poten\u021biale mari.\u00a0Gradul ridicat de p\u00e2rghie \u0219i volatilitatea pie\u021bei pot ac\u021biona at\u00e2t \u00eempotriva dvs., c\u00e2t \u0219i \u00een favoarea dvs.\u00a0Trebuie s\u0103 fi\u021bi con\u0219tient de riscurile investi\u021biilor \u0219i s\u0103 fi\u021bi dispus s\u0103 accepta\u021bi riscurile pentru a tranzac\u021biona pe aceste pie\u021be.\u00a0Tranzac\u021bionarea valutar\u0103 implic\u0103 un risc substan\u021bial de pierdere \u0219i nu este potrivit\u0103 pentru to\u021bi investitorii.\u00a0V\u0103 rug\u0103m s\u0103 nu tranzac\u021biona\u021bi folosind bani \u00eemprumuta\u021bi sau bani pe care nu v\u0103 pute\u021bi permite s\u0103-i pierde\u021bi.<\/p>\n<p>\n\n\n<p><\/p>\n\n\n<\/p>\n<p>Nu sunt garantate de c\u0103tre sau \u00een numele FORECSSS c\u0103 orice cont va ob\u021bine sau poate ob\u021bine profituri sau pierderi similare celor discutate \u00een orice material de pe serverul comunit\u0103\u021bii noastre.\u00a0Orice opinii, \u0219tiri, analize, pre\u021buri sau alte informa\u021bii de pe serverul comunit\u0103\u021bii noastre sunt furnizate ca comentarii generale de pia\u021b\u0103 \u0219i nu constituie sfaturi de investi\u021bii.\u00a0Nu vom accepta r\u0103spunderea pentru orice pierdere sau daun\u0103, inclusiv f\u0103r\u0103 limitare la orice pierdere de profit, care poate ap\u0103rea direct sau indirect din utilizarea sau bazarea pe astfel de informa\u021bii.(&#8230;)<\/p>\n<p>\n\n\n<p><\/p>\n\n\n<\/p>\n<h4 class=\"wp-block-heading\">DESP\u0102GUBIRE(&#8230;)<\/h4>\n<p>\n\n\n<p><\/p>\n\n\n<\/p>\n<p>Sunte\u021bi de acord s\u0103 desp\u0103gubi\u021bi \u0219i s\u0103 de\u021bine\u021bi FORECSSS ,filialele sale, precum \u0219i directorul, ofi\u021berii, agen\u021bii, contractan\u021bii, partenerii \u0219i angaja\u021bii acestora, inofensivi pentru \u0219i \u00eempotriva oric\u0103rei pierderi, r\u0103spunderi, crean\u021be, cereri, daune, costuri \u0219i cheltuieli, inclusiv avocat rezonabil taxe, efectuate de orice ter\u021b\u0103 parte din cauza sau care decurg din sau \u00een leg\u0103tur\u0103 cu orice con\u021binut de utilizator sau con\u021binut pe care \u00eel posta\u021bi sau \u00eel partaja\u021bi pe sau prin intermediul site-ului web, utilizarea serviciului sau site-ul web, comportamentul dvs. \u00een leg\u0103tur\u0103 cu serviciul sau site-ului web sau cu al\u021bi utilizatori ai serviciului sau a site-ului web sau a oric\u0103rei \u00eenc\u0103lc\u0103ri a acestor Termeni sau a oric\u0103rei legi sau a drepturilor oric\u0103rei ter\u021be p\u0103r\u021bi.(&#8230;)<\/p>\n<p>\n\n\n<p><\/p>\n\n\n<\/p>\n<p>FORECSSS consider\u0103 c\u0103 materialul de pe acest server comunitar se bazeaz\u0103 pe informa\u021bii fiabile.\u00a0Cu toate acestea, FORECSSS nu garanteaz\u0103 acurate\u021bea, caracterul complet sau actualitatea oric\u0103rui material de pe acest site web, iar materialul trebuie confirmat din alte surse.\u00a0Orice proiec\u021bii sunt doar estimative \u0219i nu pot fi realizate.<\/p>\n<p>\n\n\n<p><\/p>\n\n\n<\/p>\n<h5 class=\"wp-block-heading\">Materialul de pe site-ul nostru nu constituie nici:<\/h5>\n<p>\n\n\n<p><\/p>\n\n\n<\/p>\n<p>o ofert\u0103 sau o invita\u021bie de la FORECSSS;\u00a0sau o recomandare de valori mobiliare de c\u0103tre FORECSSS pentru a cump\u0103ra sau vinde orice produse financiare.(&#8230;)<\/p>\n<p>\n\n\n<p><\/p>\n\n\n<\/p>\n<p>Nimic din site-ul nostru nu constituie sfaturi financiare personale.\u00a0Materialul de pe acest site nu ia \u00een considerare circumstan\u021bele personale \u0219i nevoile unei anumite persoane.\u00a0\u00cenainte de a lua orice decizie de investi\u021bie, trebuie s\u0103 lua\u021bi \u00een considerare propriile circumstan\u021be personale.<\/p>\n<p>\n\n\n<p><\/p>\n\n\n<\/p>\n<p>Cu excep\u021bia r\u0103spunderii care nu poate fi exclus\u0103 legal, FORECSSS exclude orice r\u0103spundere (inclusiv r\u0103spunderea pentru neglijen\u021b\u0103) care rezult\u0103 din utilizarea oric\u0103rui material de pe acest site.\u00a0R\u0103spunderea care nu poate fi exclus\u0103 legal este limitat\u0103 \u00een m\u0103sura maxim\u0103 posibil\u0103.\u00a0Acest site nu trebuie utilizat ca \u00eenlocuitor al sfaturilor profesionale.(&#8230;)<\/p>\n<p>\n\n\n<p><\/p>\n\n\n<\/p>\n<p>Cu excep\u021bia r\u0103spunderii care nu poate fi exclus\u0103 legal, FORECSSS exclude orice r\u0103spundere (inclusiv r\u0103spunderea pentru neglijen\u021b\u0103) care rezult\u0103 din utilizarea datelor sau informa\u021biilor furnizate de furnizorii ter\u021bi c\u0103tre site-ul web.\u00a0R\u0103spunderea care nu poate fi exclus\u0103 legal este limitat\u0103 \u00een m\u0103sura maxim\u0103 posibil\u0103.<\/p>\n<p>\n\n\n<p><\/p>\n\n\n<\/p>\n<p>Ramburs\u0103ri: V\u0103 rug\u0103m s\u0103 re\u021bine\u021bi c\u0103 toate v\u00e2nz\u0103rile sunt finale.\u00a0FORECSSS nu este obligat s\u0103 ofere o rambursare celor care au achizi\u021bionat un plan.(&#8230;)<\/p>\n<p>\n\n\n<p><\/p>\n\n\n<\/p>\n<h5 class=\"wp-block-heading\">\u00ceNC\u0102LCAREA TERMENILOR \u0218I CONDI\u021aIILOR (&#8230;)<\/h5>\n<p>\n\n\n<p><\/p>\n\n\n<\/p>\n<p>F\u0103r\u0103 a aduce atingere celorlalte drepturi ale noastre \u00een conformitate cu ace\u0219ti.<\/p>\n<p>\n\n\n<p><\/p>\n\n\n<\/p>\n<p>Termeni \u015fi condi\u0163ii , dac\u0103 \u00eenc\u0103lca\u021bi \u00een vreun fel ace\u0219ti termeni \u0219i condi\u021bii sau dac\u0103 suspect\u0103m \u00een mod rezonabil c\u0103 a\u021bi \u00eenc\u0103lcat \u00een vreun fel ace\u0219ti termeni \u0219i condi\u021bii, putem:<\/p>\n<p>\n\n\n<p><\/p>\n\n\n<\/p>\n<ul class=\"wp-block-list\">\n<li>s\u0103 v\u0103 trimit\u0103 unul sau mai multe avertismente formale;<\/li>\n<li>suspenda\u021bi temporar accesul la serverul nostru;<\/li>\n<li>v\u0103 interzic permanent accesarea serverului nostru;<\/li>\n<li>bloca\u021bi computerele care utilizeaz\u0103 adresa dvs. IP s\u0103 acceseze site-ul nostru web;<\/li>\n<li>contacta\u021bi oricare sau to\u021bi furnizorii dvs. de servicii de internet \u0219i solicita\u021bi-i s\u0103 v\u0103 blocheze accesul la site-ul nostru web;<\/li>\n<li>ini\u021bia\u021bi ac\u021biuni \u00een justi\u021bie \u00eempotriva dvs., fie pentru \u00eenc\u0103lcarea contractului sau altfel;\u00a0\u0219i \/ sau<\/li>\n<li>suspenda\u021bi sau \u0219terge\u021bi contul de pe site-ul nostru.<\/li>\n<\/ul>\n<p>\n\n\n<p><\/p>\n\n\n<\/p>\n<p>\u00cen cazul \u00een care suspend\u0103m sau interzicem sau bloc\u0103m accesul dvs. la site-ul nostru web sau la o parte din site-ul nostru. Nu trebuie s\u0103 \u00eentreprinde\u021bi nicio ac\u021biune pentru a ocoli o astfel de suspendare sau interdic\u021bie sau blocare, inclusiv, f\u0103r\u0103 limitare, crearea \u0219i \/ sau utilizarea unui cont diferit.<\/p>\n<p>\n\n\n<p><\/p>\n\n\n<\/p>\n<figure>\u00a0<img fetchpriority=\"high\" decoding=\"async\" src=\"http:\/\/forecsss.com\/wp-content\/uploads\/2021\/02\/2-1024x522.jpg\" alt=\"Termeni \u015fi condi\u0163ii \" width=\"578\" height=\"294\" \/>\n<p>\u00a0<\/p>\n<figcaption>Termeni \u015fi condi\u0163ii<\/figcaption>\n<\/figure>\n<p>\n\n\n<p><\/p>","protected":false},"excerpt":{"rendered":"<p>Termeni \u015fi condi\u0163ii Drepturi de autor? Con\u021binutul acestui site este [&hellip;]<\/p>\n","protected":false},"author":1,"featured_media":0,"parent":0,"menu_order":0,"comment_status":"closed","ping_status":"closed","template":"page-templates\/page_fullwidth.php","meta":{"footnotes":""},"class_list":["post-1135","page","type-page","status-publish","hentry"],"yoast_head":"<!-- This site is optimized with the Yoast SEO plugin v26.6 - https:\/\/yoast.com\/wordpress\/plugins\/seo\/ -->\n<title>Termeni \u015fi condi\u0163ii - FORECSSS<\/title>\n<meta name=\"description\" content=\"Termeni \u015fi condi\u0163ii \u2013 Con\u021binutul acestui site este protejat prin drepturi de autor \u00a9FORECSSS. Toate lucr\u0103rile \u0219i materialele originale create de FORECSSS.\" \/>\n<meta name=\"robots\" content=\"index, follow, max-snippet:-1, max-image-preview:large, max-video-preview:-1\" \/>\n<link rel=\"canonical\" href=\"https:\/\/forecsss.com\/index.php\/termeni-si-conditii\/\" \/>\n<meta property=\"og:locale\" content=\"ro_RO\" \/>\n<meta property=\"og:type\" content=\"article\" \/>\n<meta property=\"og:title\" content=\"Termeni \u015fi condi\u0163ii - FORECSSS\" \/>\n<meta property=\"og:description\" content=\"Termeni \u015fi condi\u0163ii \u2013 Con\u021binutul acestui site este protejat prin drepturi de autor \u00a9FORECSSS. Toate lucr\u0103rile \u0219i materialele originale create de FORECSSS.\" \/>\n<meta property=\"og:url\" content=\"https:\/\/forecsss.com\/index.php\/termeni-si-conditii\/\" \/>\n<meta property=\"og:site_name\" content=\"FORECSSS\" \/>\n<meta property=\"article:modified_time\" content=\"2021-03-10T08:50:41+00:00\" \/>\n<meta property=\"og:image\" content=\"http:\/\/forecsss.com\/wp-content\/uploads\/2021\/02\/2-1024x522.jpg\" \/>\n<meta name=\"twitter:card\" content=\"summary_large_image\" \/>\n<meta name=\"twitter:label1\" content=\"Timp estimat pentru citire\" \/>\n\t<meta name=\"twitter:data1\" content=\"6 minute\" \/>\n<script type=\"application\/ld+json\" class=\"yoast-schema-graph\">{\"@context\":\"https:\/\/schema.org\",\"@graph\":[{\"@type\":\"WebPage\",\"@id\":\"https:\/\/forecsss.com\/index.php\/termeni-si-conditii\/\",\"url\":\"https:\/\/forecsss.com\/index.php\/termeni-si-conditii\/\",\"name\":\"Termeni \u015fi condi\u0163ii - FORECSSS\",\"isPartOf\":{\"@id\":\"https:\/\/forecsss.com\/#website\"},\"primaryImageOfPage\":{\"@id\":\"https:\/\/forecsss.com\/index.php\/termeni-si-conditii\/#primaryimage\"},\"image\":{\"@id\":\"https:\/\/forecsss.com\/index.php\/termeni-si-conditii\/#primaryimage\"},\"thumbnailUrl\":\"http:\/\/forecsss.com\/wp-content\/uploads\/2021\/02\/2-1024x522.jpg\",\"datePublished\":\"2021-03-02T17:03:07+00:00\",\"dateModified\":\"2021-03-10T08:50:41+00:00\",\"description\":\"Termeni \u015fi condi\u0163ii \u2013 Con\u021binutul acestui site este protejat prin drepturi de autor \u00a9FORECSSS. Toate lucr\u0103rile \u0219i materialele originale create de FORECSSS.\",\"breadcrumb\":{\"@id\":\"https:\/\/forecsss.com\/index.php\/termeni-si-conditii\/#breadcrumb\"},\"inLanguage\":\"ro-RO\",\"potentialAction\":[{\"@type\":\"ReadAction\",\"target\":[\"https:\/\/forecsss.com\/index.php\/termeni-si-conditii\/\"]}]},{\"@type\":\"ImageObject\",\"inLanguage\":\"ro-RO\",\"@id\":\"https:\/\/forecsss.com\/index.php\/termeni-si-conditii\/#primaryimage\",\"url\":\"https:\/\/forecsss.com\/wp-content\/uploads\/2021\/02\/2.jpg\",\"contentUrl\":\"https:\/\/forecsss.com\/wp-content\/uploads\/2021\/02\/2.jpg\",\"width\":1600,\"height\":815,\"caption\":\"Termeni \u015fi condi\u0163ii\"},{\"@type\":\"BreadcrumbList\",\"@id\":\"https:\/\/forecsss.com\/index.php\/termeni-si-conditii\/#breadcrumb\",\"itemListElement\":[{\"@type\":\"ListItem\",\"position\":1,\"name\":\"Prima pagin\u0103\",\"item\":\"https:\/\/forecsss.com\/\"},{\"@type\":\"ListItem\",\"position\":2,\"name\":\"Termeni \u015fi condi\u0163ii\"}]},{\"@type\":\"WebSite\",\"@id\":\"https:\/\/forecsss.com\/#website\",\"url\":\"https:\/\/forecsss.com\/\",\"name\":\"FORECSSS\",\"description\":\"\",\"potentialAction\":[{\"@type\":\"SearchAction\",\"target\":{\"@type\":\"EntryPoint\",\"urlTemplate\":\"https:\/\/forecsss.com\/?s={search_term_string}\"},\"query-input\":{\"@type\":\"PropertyValueSpecification\",\"valueRequired\":true,\"valueName\":\"search_term_string\"}}],\"inLanguage\":\"ro-RO\"}]}<\/script>\n<!-- \/ Yoast SEO plugin. -->","yoast_head_json":{"title":"Termeni \u015fi condi\u0163ii - FORECSSS","description":"Termeni \u015fi condi\u0163ii \u2013 Con\u021binutul acestui site este protejat prin drepturi de autor \u00a9FORECSSS. Toate lucr\u0103rile \u0219i materialele originale create de FORECSSS.","robots":{"index":"index","follow":"follow","max-snippet":"max-snippet:-1","max-image-preview":"max-image-preview:large","max-video-preview":"max-video-preview:-1"},"canonical":"https:\/\/forecsss.com\/index.php\/termeni-si-conditii\/","og_locale":"ro_RO","og_type":"article","og_title":"Termeni \u015fi condi\u0163ii - FORECSSS","og_description":"Termeni \u015fi condi\u0163ii \u2013 Con\u021binutul acestui site este protejat prin drepturi de autor \u00a9FORECSSS. Toate lucr\u0103rile \u0219i materialele originale create de FORECSSS.","og_url":"https:\/\/forecsss.com\/index.php\/termeni-si-conditii\/","og_site_name":"FORECSSS","article_modified_time":"2021-03-10T08:50:41+00:00","og_image":[{"url":"http:\/\/forecsss.com\/wp-content\/uploads\/2021\/02\/2-1024x522.jpg","type":"","width":"","height":""}],"twitter_card":"summary_large_image","twitter_misc":{"Timp estimat pentru citire":"6 minute"},"schema":{"@context":"https:\/\/schema.org","@graph":[{"@type":"WebPage","@id":"https:\/\/forecsss.com\/index.php\/termeni-si-conditii\/","url":"https:\/\/forecsss.com\/index.php\/termeni-si-conditii\/","name":"Termeni \u015fi condi\u0163ii - FORECSSS","isPartOf":{"@id":"https:\/\/forecsss.com\/#website"},"primaryImageOfPage":{"@id":"https:\/\/forecsss.com\/index.php\/termeni-si-conditii\/#primaryimage"},"image":{"@id":"https:\/\/forecsss.com\/index.php\/termeni-si-conditii\/#primaryimage"},"thumbnailUrl":"http:\/\/forecsss.com\/wp-content\/uploads\/2021\/02\/2-1024x522.jpg","datePublished":"2021-03-02T17:03:07+00:00","dateModified":"2021-03-10T08:50:41+00:00","description":"Termeni \u015fi condi\u0163ii \u2013 Con\u021binutul acestui site este protejat prin drepturi de autor \u00a9FORECSSS. Toate lucr\u0103rile \u0219i materialele originale create de FORECSSS.","breadcrumb":{"@id":"https:\/\/forecsss.com\/index.php\/termeni-si-conditii\/#breadcrumb"},"inLanguage":"ro-RO","potentialAction":[{"@type":"ReadAction","target":["https:\/\/forecsss.com\/index.php\/termeni-si-conditii\/"]}]},{"@type":"ImageObject","inLanguage":"ro-RO","@id":"https:\/\/forecsss.com\/index.php\/termeni-si-conditii\/#primaryimage","url":"https:\/\/forecsss.com\/wp-content\/uploads\/2021\/02\/2.jpg","contentUrl":"https:\/\/forecsss.com\/wp-content\/uploads\/2021\/02\/2.jpg","width":1600,"height":815,"caption":"Termeni \u015fi condi\u0163ii"},{"@type":"BreadcrumbList","@id":"https:\/\/forecsss.com\/index.php\/termeni-si-conditii\/#breadcrumb","itemListElement":[{"@type":"ListItem","position":1,"name":"Prima pagin\u0103","item":"https:\/\/forecsss.com\/"},{"@type":"ListItem","position":2,"name":"Termeni \u015fi condi\u0163ii"}]},{"@type":"WebSite","@id":"https:\/\/forecsss.com\/#website","url":"https:\/\/forecsss.com\/","name":"FORECSSS","description":"","potentialAction":[{"@type":"SearchAction","target":{"@type":"EntryPoint","urlTemplate":"https:\/\/forecsss.com\/?s={search_term_string}"},"query-input":{"@type":"PropertyValueSpecification","valueRequired":true,"valueName":"search_term_string"}}],"inLanguage":"ro-RO"}]}},"_links":{"self":[{"href":"https:\/\/forecsss.com\/index.php\/wp-json\/wp\/v2\/pages\/1135","targetHints":{"allow":["GET"]}}],"collection":[{"href":"https:\/\/forecsss.com\/index.php\/wp-json\/wp\/v2\/pages"}],"about":[{"href":"https:\/\/forecsss.com\/index.php\/wp-json\/wp\/v2\/types\/page"}],"author":[{"embeddable":true,"href":"https:\/\/forecsss.com\/index.php\/wp-json\/wp\/v2\/users\/1"}],"replies":[{"embeddable":true,"href":"https:\/\/forecsss.com\/index.php\/wp-json\/wp\/v2\/comments?post=1135"}],"version-history":[{"count":0,"href":"https:\/\/forecsss.com\/index.php\/wp-json\/wp\/v2\/pages\/1135\/revisions"}],"wp:attachment":[{"href":"https:\/\/forecsss.com\/index.php\/wp-json\/wp\/v2\/media?parent=1135"}],"curies":[{"name":"wp","href":"https:\/\/api.w.org\/{rel}","templated":true}]}}